{"id":75,"date":"2024-12-30T10:46:05","date_gmt":"2024-12-30T09:46:05","guid":{"rendered":"https:\/\/partysmoke.be\/winkelwagen\/"},"modified":"2025-06-30T10:54:27","modified_gmt":"2025-06-30T08:54:27","slug":"winkelwagen","status":"publish","type":"page","link":"https:\/\/partysmoke.be\/nl\/winkelwagen\/","title":{"rendered":"Winkelwagen"},"content":{"rendered":"\t\t<div data-elementor-type=\"wp-page\" data-elementor-id=\"75\" class=\"elementor elementor-75 elementor-14\" data-elementor-post-type=\"page\">\n\t\t\t\t<div class=\"elementor-element elementor-element-c46bbc5 e-flex e-con-boxed e-con e-parent\" data-id=\"c46bbc5\" data-element_type=\"container\" data-e-type=\"container\" data-settings=\"{&quot;background_background&quot;:&quot;video&quot;,&quot;background_video_link&quot;:&quot;https:\\\/\\\/partysmoke.be\\\/wp-content\\\/uploads\\\/2023\\\/10\\\/firework-video-atmosfire-compress-2.mp4&quot;,&quot;background_video_start&quot;:10,&quot;background_video_end&quot;:70}\">\n\t\t\t\t\t<div class=\"e-con-inner\">\n\t\t<div class=\"elementor-background-video-container elementor-hidden-mobile\">\n\t\t\t\t\t\t\t<video class=\"elementor-background-video-hosted\" role=\"presentation\" autoplay muted playsinline loop><\/video>\n\t\t\t\t\t<\/div><div class=\"elementor-element elementor-element-fa696da e-con-full e-flex e-con e-child\" data-id=\"fa696da\" data-element_type=\"container\" data-e-type=\"container\">\n\t\t\t\t<div class=\"elementor-element elementor-element-0e29ef0 elementor-widget elementor-widget-heading\" data-id=\"0e29ef0\" data-element_type=\"widget\" data-e-type=\"widget\" data-widget_type=\"heading.default\">\n\t\t\t\t\t<h1 class=\"elementor-heading-title elementor-size-default\">Winkelwagen<\/h1>\t\t\t\t<\/div>\n\t\t\t\t<\/div>\n\t\t\t\t\t<\/div>\n\t\t\t\t<\/div>\n\t\t<div class=\"elementor-element elementor-element-8f9d8d6 e-flex e-con-boxed e-con e-parent\" data-id=\"8f9d8d6\" data-element_type=\"container\" data-e-type=\"container\">\n\t\t\t\t\t<div class=\"e-con-inner\">\n\t\t\t\t\t<\/div>\n\t\t\t\t<\/div>\n\t\t\t\t<\/div>\n\t\t","protected":false},"excerpt":{"rendered":"<p>Winkelwagen Supprimer l\u2019\u00e9l\u00e9ment Miniature Produit Prix Quantit\u00e9 Sous-total &times; Tricky 1,50&euro; quantit\u00e9 de Tricky&nbsp; 4,50&euro; De code toepassen Totaal van het winkelmandje Sous-total 4,50&euro; Exp\u00e9dition Bpost \u00e0 domicile: 6,00&euro; Les options de livraison seront mises \u00e0 jour lors de la commande. Calculer les frais d\u2019exp\u00e9dition Pays\/r\u00e9gion\u00a0: S\u00e9lectionner un pays\/r\u00e9gion\u2026BelgiqueFranceLuxembourg Ville\u00a0: Code postal Update Total 10,50&euro; [&hellip;]<\/p>\n","protected":false},"author":2,"featured_media":0,"parent":0,"menu_order":0,"comment_status":"closed","ping_status":"closed","template":"","meta":{"_acf_changed":false,"footnotes":""},"class_list":["post-75","page","type-page","status-publish","hentry"],"acf":[],"yoast_head":"<!-- This site is optimized with the Yoast SEO plugin v27.0 - https:\/\/yoast.com\/product\/yoast-seo-wordpress\/ -->\n<title>Winkelwagen - Party Smoke<\/title>\n<meta name=\"robots\" content=\"index, follow, max-snippet:-1, max-image-preview:large, max-video-preview:-1\" \/>\n<link rel=\"canonical\" href=\"https:\/\/partysmoke.be\/nl\/winkelwagen\/\" \/>\n<meta property=\"og:locale\" content=\"nl_NL\" \/>\n<meta property=\"og:type\" content=\"article\" \/>\n<meta property=\"og:title\" content=\"Winkelwagen - Party Smoke\" \/>\n<meta property=\"og:description\" content=\"Winkelwagen Supprimer l\u2019\u00e9l\u00e9ment Miniature Produit Prix Quantit\u00e9 Sous-total &times; Tricky 1,50&euro; quantit\u00e9 de Tricky&nbsp; 4,50&euro; De code toepassen Totaal van het winkelmandje Sous-total 4,50&euro; Exp\u00e9dition Bpost \u00e0 domicile: 6,00&euro; Les options de livraison seront mises \u00e0 jour lors de la commande. Calculer les frais d\u2019exp\u00e9dition Pays\/r\u00e9gion\u00a0: S\u00e9lectionner un pays\/r\u00e9gion\u2026BelgiqueFranceLuxembourg Ville\u00a0: Code postal Update Total 10,50&euro; [&hellip;]\" \/>\n<meta property=\"og:url\" content=\"https:\/\/partysmoke.be\/nl\/winkelwagen\/\" \/>\n<meta property=\"og:site_name\" content=\"Party Smoke\" \/>\n<meta property=\"article:publisher\" content=\"https:\/\/www.facebook.com\/profile.php?id=61567309217831\" \/>\n<meta property=\"article:modified_time\" content=\"2025-06-30T08:54:27+00:00\" \/>\n<meta property=\"og:image\" content=\"https:\/\/partysmoke.be\/wp-content\/uploads\/2024\/12\/tricky-300x300.jpeg\" \/>\n<meta name=\"twitter:card\" content=\"summary_large_image\" \/>\n<meta name=\"twitter:label1\" content=\"Geschatte leestijd\" \/>\n\t<meta name=\"twitter:data1\" content=\"1 minuut\" \/>\n<script type=\"application\/ld+json\" class=\"yoast-schema-graph\">{\"@context\":\"https:\/\/schema.org\",\"@graph\":[{\"@type\":\"WebPage\",\"@id\":\"https:\/\/partysmoke.be\/nl\/winkelwagen\/\",\"url\":\"https:\/\/partysmoke.be\/nl\/winkelwagen\/\",\"name\":\"Winkelwagen - Party Smoke\",\"isPartOf\":{\"@id\":\"https:\/\/partysmoke.be\/nl\/#website\"},\"primaryImageOfPage\":{\"@id\":\"https:\/\/partysmoke.be\/nl\/winkelwagen\/#primaryimage\"},\"image\":{\"@id\":\"https:\/\/partysmoke.be\/nl\/winkelwagen\/#primaryimage\"},\"thumbnailUrl\":\"https:\/\/partysmoke.be\/wp-content\/uploads\/2024\/12\/tricky-300x300.jpeg\",\"datePublished\":\"2024-12-30T09:46:05+00:00\",\"dateModified\":\"2025-06-30T08:54:27+00:00\",\"breadcrumb\":{\"@id\":\"https:\/\/partysmoke.be\/nl\/winkelwagen\/#breadcrumb\"},\"inLanguage\":\"nl-NL\",\"potentialAction\":[{\"@type\":\"ReadAction\",\"target\":[\"https:\/\/partysmoke.be\/nl\/winkelwagen\/\"]}]},{\"@type\":\"ImageObject\",\"inLanguage\":\"nl-NL\",\"@id\":\"https:\/\/partysmoke.be\/nl\/winkelwagen\/#primaryimage\",\"url\":\"https:\/\/partysmoke.be\/wp-content\/uploads\/2024\/12\/tricky-300x300.jpeg\",\"contentUrl\":\"https:\/\/partysmoke.be\/wp-content\/uploads\/2024\/12\/tricky-300x300.jpeg\"},{\"@type\":\"BreadcrumbList\",\"@id\":\"https:\/\/partysmoke.be\/nl\/winkelwagen\/#breadcrumb\",\"itemListElement\":[{\"@type\":\"ListItem\",\"position\":1,\"name\":\"Home\",\"item\":\"https:\/\/partysmoke.be\/nl\/\"},{\"@type\":\"ListItem\",\"position\":2,\"name\":\"Winkelwagen\"}]},{\"@type\":\"WebSite\",\"@id\":\"https:\/\/partysmoke.be\/nl\/#website\",\"url\":\"https:\/\/partysmoke.be\/nl\/\",\"name\":\"Party Smoke\",\"description\":\"Achat de fumig\u00e8nes en ligne pour la Belgique\",\"publisher\":{\"@id\":\"https:\/\/partysmoke.be\/nl\/#organization\"},\"potentialAction\":[{\"@type\":\"SearchAction\",\"target\":{\"@type\":\"EntryPoint\",\"urlTemplate\":\"https:\/\/partysmoke.be\/nl\/?s={search_term_string}\"},\"query-input\":{\"@type\":\"PropertyValueSpecification\",\"valueRequired\":true,\"valueName\":\"search_term_string\"}}],\"inLanguage\":\"nl-NL\"},{\"@type\":\"Organization\",\"@id\":\"https:\/\/partysmoke.be\/nl\/#organization\",\"name\":\"Party Smoke\",\"url\":\"https:\/\/partysmoke.be\/nl\/\",\"logo\":{\"@type\":\"ImageObject\",\"inLanguage\":\"nl-NL\",\"@id\":\"https:\/\/partysmoke.be\/nl\/#\/schema\/logo\/image\/\",\"url\":\"https:\/\/partysmoke.be\/wp-content\/uploads\/2024\/02\/partysmoke-logo-v2.webp\",\"contentUrl\":\"https:\/\/partysmoke.be\/wp-content\/uploads\/2024\/02\/partysmoke-logo-v2.webp\",\"width\":120,\"height\":72,\"caption\":\"Party Smoke\"},\"image\":{\"@id\":\"https:\/\/partysmoke.be\/nl\/#\/schema\/logo\/image\/\"},\"sameAs\":[\"https:\/\/www.facebook.com\/profile.php?id=61567309217831\",\"https:\/\/www.youtube.com\/@PartySmokebe\"]}]}<\/script>\n<!-- \/ Yoast SEO plugin. -->","yoast_head_json":{"title":"Winkelwagen - Party Smoke","robots":{"index":"index","follow":"follow","max-snippet":"max-snippet:-1","max-image-preview":"max-image-preview:large","max-video-preview":"max-video-preview:-1"},"canonical":"https:\/\/partysmoke.be\/nl\/winkelwagen\/","og_locale":"nl_NL","og_type":"article","og_title":"Winkelwagen - Party Smoke","og_description":"Winkelwagen Supprimer l\u2019\u00e9l\u00e9ment Miniature Produit Prix Quantit\u00e9 Sous-total &times; Tricky 1,50&euro; quantit\u00e9 de Tricky&nbsp; 4,50&euro; De code toepassen Totaal van het winkelmandje Sous-total 4,50&euro; Exp\u00e9dition Bpost \u00e0 domicile: 6,00&euro; Les options de livraison seront mises \u00e0 jour lors de la commande. Calculer les frais d\u2019exp\u00e9dition Pays\/r\u00e9gion\u00a0: S\u00e9lectionner un pays\/r\u00e9gion\u2026BelgiqueFranceLuxembourg Ville\u00a0: Code postal Update Total 10,50&euro; [&hellip;]","og_url":"https:\/\/partysmoke.be\/nl\/winkelwagen\/","og_site_name":"Party Smoke","article_publisher":"https:\/\/www.facebook.com\/profile.php?id=61567309217831","article_modified_time":"2025-06-30T08:54:27+00:00","og_image":[{"url":"https:\/\/partysmoke.be\/wp-content\/uploads\/2024\/12\/tricky-300x300.jpeg","type":"","width":"","height":""}],"twitter_card":"summary_large_image","twitter_misc":{"Geschatte leestijd":"1 minuut"},"schema":{"@context":"https:\/\/schema.org","@graph":[{"@type":"WebPage","@id":"https:\/\/partysmoke.be\/nl\/winkelwagen\/","url":"https:\/\/partysmoke.be\/nl\/winkelwagen\/","name":"Winkelwagen - Party Smoke","isPartOf":{"@id":"https:\/\/partysmoke.be\/nl\/#website"},"primaryImageOfPage":{"@id":"https:\/\/partysmoke.be\/nl\/winkelwagen\/#primaryimage"},"image":{"@id":"https:\/\/partysmoke.be\/nl\/winkelwagen\/#primaryimage"},"thumbnailUrl":"https:\/\/partysmoke.be\/wp-content\/uploads\/2024\/12\/tricky-300x300.jpeg","datePublished":"2024-12-30T09:46:05+00:00","dateModified":"2025-06-30T08:54:27+00:00","breadcrumb":{"@id":"https:\/\/partysmoke.be\/nl\/winkelwagen\/#breadcrumb"},"inLanguage":"nl-NL","potentialAction":[{"@type":"ReadAction","target":["https:\/\/partysmoke.be\/nl\/winkelwagen\/"]}]},{"@type":"ImageObject","inLanguage":"nl-NL","@id":"https:\/\/partysmoke.be\/nl\/winkelwagen\/#primaryimage","url":"https:\/\/partysmoke.be\/wp-content\/uploads\/2024\/12\/tricky-300x300.jpeg","contentUrl":"https:\/\/partysmoke.be\/wp-content\/uploads\/2024\/12\/tricky-300x300.jpeg"},{"@type":"BreadcrumbList","@id":"https:\/\/partysmoke.be\/nl\/winkelwagen\/#breadcrumb","itemListElement":[{"@type":"ListItem","position":1,"name":"Home","item":"https:\/\/partysmoke.be\/nl\/"},{"@type":"ListItem","position":2,"name":"Winkelwagen"}]},{"@type":"WebSite","@id":"https:\/\/partysmoke.be\/nl\/#website","url":"https:\/\/partysmoke.be\/nl\/","name":"Party Smoke","description":"Achat de fumig\u00e8nes en ligne pour la Belgique","publisher":{"@id":"https:\/\/partysmoke.be\/nl\/#organization"},"potentialAction":[{"@type":"SearchAction","target":{"@type":"EntryPoint","urlTemplate":"https:\/\/partysmoke.be\/nl\/?s={search_term_string}"},"query-input":{"@type":"PropertyValueSpecification","valueRequired":true,"valueName":"search_term_string"}}],"inLanguage":"nl-NL"},{"@type":"Organization","@id":"https:\/\/partysmoke.be\/nl\/#organization","name":"Party Smoke","url":"https:\/\/partysmoke.be\/nl\/","logo":{"@type":"ImageObject","inLanguage":"nl-NL","@id":"https:\/\/partysmoke.be\/nl\/#\/schema\/logo\/image\/","url":"https:\/\/partysmoke.be\/wp-content\/uploads\/2024\/02\/partysmoke-logo-v2.webp","contentUrl":"https:\/\/partysmoke.be\/wp-content\/uploads\/2024\/02\/partysmoke-logo-v2.webp","width":120,"height":72,"caption":"Party Smoke"},"image":{"@id":"https:\/\/partysmoke.be\/nl\/#\/schema\/logo\/image\/"},"sameAs":["https:\/\/www.facebook.com\/profile.php?id=61567309217831","https:\/\/www.youtube.com\/@PartySmokebe"]}]}},"_links":{"self":[{"href":"https:\/\/partysmoke.be\/nl\/wp-json\/wp\/v2\/pages\/75","targetHints":{"allow":["GET"]}}],"collection":[{"href":"https:\/\/partysmoke.be\/nl\/wp-json\/wp\/v2\/pages"}],"about":[{"href":"https:\/\/partysmoke.be\/nl\/wp-json\/wp\/v2\/types\/page"}],"author":[{"embeddable":true,"href":"https:\/\/partysmoke.be\/nl\/wp-json\/wp\/v2\/users\/2"}],"replies":[{"embeddable":true,"href":"https:\/\/partysmoke.be\/nl\/wp-json\/wp\/v2\/comments?post=75"}],"version-history":[{"count":1,"href":"https:\/\/partysmoke.be\/nl\/wp-json\/wp\/v2\/pages\/75\/revisions"}],"predecessor-version":[{"id":3678,"href":"https:\/\/partysmoke.be\/nl\/wp-json\/wp\/v2\/pages\/75\/revisions\/3678"}],"wp:attachment":[{"href":"https:\/\/partysmoke.be\/nl\/wp-json\/wp\/v2\/media?parent=75"}],"curies":[{"name":"wp","href":"https:\/\/api.w.org\/{rel}","templated":true}]}}